{"id":1741,"date":"2024-11-02T21:51:20","date_gmt":"2024-11-02T21:51:20","guid":{"rendered":"https:\/\/sanchezrubioabogados.com\/?page_id=1741"},"modified":"2024-11-13T02:00:12","modified_gmt":"2024-11-13T02:00:12","slug":"inicio","status":"publish","type":"page","link":"https:\/\/sanchezrubioabogados.com\/","title":{"rendered":"inicio"},"content":{"rendered":"\t\t<div data-elementor-type=\"wp-page\" data-elementor-id=\"1741\" class=\"elementor elementor-1741\">\n\t\t\t\t<div class=\"elementor-element elementor-element-29a4733 animated-slow e-con-full e-flex elementor-invisible e-con e-parent\" data-id=\"29a4733\" data-element_type=\"container\" data-e-type=\"container\" data-settings=\"{&quot;animation&quot;:&quot;fadeIn&quot;,&quot;animation_delay&quot;:1000,&quot;background_background&quot;:&quot;classic&quot;}\">\n\t\t\t\t<div class=\"elementor-element elementor-element-54bb453 elementor-widget elementor-widget-spacer\" data-id=\"54bb453\" data-element_type=\"widget\" data-e-type=\"widget\" data-widget_type=\"spacer.default\">\n\t\t\t\t<div class=\"elementor-widget-container\">\n\t\t\t\t\t\t\t<div class=\"elementor-spacer\">\n\t\t\t<div class=\"elementor-spacer-inner\"><\/div>\n\t\t<\/div>\n\t\t\t\t\t\t<\/div>\n\t\t\t\t<\/div>\n\t\t\t\t<div class=\"elementor-element elementor-element-42fe650 animated-slow elementor-invisible elementor-widget elementor-widget-image\" data-id=\"42fe650\" data-element_type=\"widget\" data-e-type=\"widget\" data-settings=\"{&quot;_animation&quot;:&quot;fadeIn&quot;}\" data-widget_type=\"image.default\">\n\t\t\t\t<div class=\"elementor-widget-container\">\n\t\t\t\t\t\t\t\t\t\t\t\t\t\t\t<img fetchpriority=\"high\" decoding=\"async\" width=\"800\" height=\"598\" src=\"https:\/\/sanchezrubioabogados.com\/wp-content\/uploads\/2024\/11\/logoSRA05.png\" class=\"attachment-large size-large wp-image-2701\" alt=\"\" srcset=\"https:\/\/sanchezrubioabogados.com\/wp-content\/uploads\/2024\/11\/logoSRA05.png 800w, https:\/\/sanchezrubioabogados.com\/wp-content\/uploads\/2024\/11\/logoSRA05-300x224.png 300w, https:\/\/sanchezrubioabogados.com\/wp-content\/uploads\/2024\/11\/logoSRA05-768x574.png 768w\" sizes=\"(max-width: 800px) 100vw, 800px\" \/>\t\t\t\t\t\t\t\t\t\t\t\t\t\t\t<\/div>\n\t\t\t\t<\/div>\n\t\t\t\t<div class=\"elementor-element elementor-element-e986b98 elementor-widget elementor-widget-spacer\" data-id=\"e986b98\" data-element_type=\"widget\" data-e-type=\"widget\" data-widget_type=\"spacer.default\">\n\t\t\t\t<div class=\"elementor-widget-container\">\n\t\t\t\t\t\t\t<div class=\"elementor-spacer\">\n\t\t\t<div class=\"elementor-spacer-inner\"><\/div>\n\t\t<\/div>\n\t\t\t\t\t\t<\/div>\n\t\t\t\t<\/div>\n\t\t\t\t<div class=\"elementor-element elementor-element-5fccb60 elementor-widget elementor-widget-html\" data-id=\"5fccb60\" data-element_type=\"widget\" data-e-type=\"widget\" data-widget_type=\"html.default\">\n\t\t\t\t<div class=\"elementor-widget-container\">\n\t\t\t\t\t<script>\r\n        \/\/ Funci\u00f3n para detectar el dispositivo\r\n        function redirigirSegunDispositivo() {\r\n            var userAgent = navigator.userAgent.toLowerCase();\r\n\r\n            \/\/ Verificar si es un dispositivo m\u00f3vil\r\n            if (\/android|iphone|ipad|ipod|blackberry|windows phone\/.test(userAgent)) {\r\n                \/\/ Redirigir a la p\u00e1gina m\u00f3vil despu\u00e9s de 3 segundos\r\n                setTimeout(function() {\r\n                    window.location.href = \"https:\/\/sanchezrubioabogados.com\/index.php\/movil\";\r\n                }, 5000); \/\/ 3000 ms = 3 segundos\r\n            } else {\r\n                \/\/ Redirigir a la p\u00e1gina de escritorio despu\u00e9s de 3 segundos\r\n                setTimeout(function() {\r\n                    window.location.href = \"https:\/\/sanchezrubioabogados.com\/index.php\/sr\";\r\n                }, 5000); \/\/ 3000 ms = 3 segundos\r\n            }\r\n        }\r\n\r\n        \/\/ Ejecutar la funci\u00f3n al cargar la p\u00e1gina\r\n        window.onload = redirigirSegunDispositivo;\r\n    <\/script>\t\t\t\t<\/div>\n\t\t\t\t<\/div>\n\t\t\t\t<\/div>\n\t\t\t\t<\/div>\n\t\t","protected":false},"excerpt":{"rendered":"","protected":false},"author":1,"featured_media":0,"parent":0,"menu_order":0,"comment_status":"closed","ping_status":"closed","template":"","meta":{"site-sidebar-layout":"no-sidebar","site-content-layout":"","ast-site-content-layout":"full-width-container","site-content-style":"default","site-sidebar-style":"default","ast-global-header-display":"","ast-banner-title-visibility":"","ast-main-header-display":"","ast-hfb-above-header-display":"","ast-hfb-below-header-display":"","ast-hfb-mobile-header-display":"","site-post-title":"disabled","ast-breadcrumbs-content":"","ast-featured-img":"disabled","footer-sml-layout":"","ast-disable-related-posts":"","theme-transparent-header-meta":"","adv-header-id-meta":"","stick-header-meta":"","header-above-stick-meta":"","header-main-stick-meta":"","header-below-stick-meta":"","astra-migrate-meta-layouts":"default","ast-page-background-enabled":"default","ast-page-background-meta":{"desktop":{"background-color":"var(--ast-global-color-4)","background-image":"","background-repeat":"repeat","background-position":"center center","background-size":"auto","background-attachment":"scroll","background-type":"","background-media":"","overlay-type":"","overlay-color":"","overlay-opacity":"","overlay-gradient":""},"tablet":{"background-color":"","background-image":"","background-repeat":"repeat","background-position":"center center","background-size":"auto","background-attachment":"scroll","background-type":"","background-media":"","overlay-type":"","overlay-color":"","overlay-opacity":"","overlay-gradient":""},"mobile":{"background-color":"","background-image":"","background-repeat":"repeat","background-position":"center center","background-size":"auto","background-attachment":"scroll","background-type":"","background-media":"","overlay-type":"","overlay-color":"","overlay-opacity":"","overlay-gradient":""}},"ast-content-background-meta":{"desktop":{"background-color":"var(--ast-global-color-5)","background-image":"","background-repeat":"repeat","background-position":"center center","background-size":"auto","background-attachment":"scroll","background-type":"","background-media":"","overlay-type":"","overlay-color":"","overlay-opacity":"","overlay-gradient":""},"tablet":{"background-color":"var(--ast-global-color-5)","background-image":"","background-repeat":"repeat","background-position":"center center","background-size":"auto","background-attachment":"scroll","background-type":"","background-media":"","overlay-type":"","overlay-color":"","overlay-opacity":"","overlay-gradient":""},"mobile":{"background-color":"var(--ast-global-color-5)","background-image":"","background-repeat":"repeat","background-position":"center center","background-size":"auto","background-attachment":"scroll","background-type":"","background-media":"","overlay-type":"","overlay-color":"","overlay-opacity":"","overlay-gradient":""}},"footnotes":""},"class_list":["post-1741","page","type-page","status-publish","hentry"],"_links":{"self":[{"href":"https:\/\/sanchezrubioabogados.com\/index.php\/wp-json\/wp\/v2\/pages\/1741","targetHints":{"allow":["GET"]}}],"collection":[{"href":"https:\/\/sanchezrubioabogados.com\/index.php\/wp-json\/wp\/v2\/pages"}],"about":[{"href":"https:\/\/sanchezrubioabogados.com\/index.php\/wp-json\/wp\/v2\/types\/page"}],"author":[{"embeddable":true,"href":"https:\/\/sanchezrubioabogados.com\/index.php\/wp-json\/wp\/v2\/users\/1"}],"replies":[{"embeddable":true,"href":"https:\/\/sanchezrubioabogados.com\/index.php\/wp-json\/wp\/v2\/comments?post=1741"}],"version-history":[{"count":130,"href":"https:\/\/sanchezrubioabogados.com\/index.php\/wp-json\/wp\/v2\/pages\/1741\/revisions"}],"predecessor-version":[{"id":2805,"href":"https:\/\/sanchezrubioabogados.com\/index.php\/wp-json\/wp\/v2\/pages\/1741\/revisions\/2805"}],"wp:attachment":[{"href":"https:\/\/sanchezrubioabogados.com\/index.php\/wp-json\/wp\/v2\/media?parent=1741"}],"curies":[{"name":"wp","href":"https:\/\/api.w.org\/{rel}","templated":true}]}}